{"id":984,"date":"2017-12-02T19:43:34","date_gmt":"2017-12-02T18:43:34","guid":{"rendered":"http:\/\/art27.es\/?page_id=984"},"modified":"2021-01-27T13:56:59","modified_gmt":"2021-01-27T12:56:59","slug":"politica-de-privacitat","status":"publish","type":"page","link":"https:\/\/art27.es\/es\/politica-de-privacidad\/","title":{"rendered":"Pol\u00edtica de privacidad"},"content":{"rendered":"<p>En cumplimiento de la Ley Org\u00e1nica de Protecci\u00f3n de Datos de Car\u00e1cter Personal (Ley 15\/1999, de 13 de diciembre) los datos personales que sean facilitados a Art27 Feng Shui (www.art27.es) se incorporar\u00e1n a un archivo automatizado con nombre \u00abmails\u00bb propiedad de Art27 Feng Shui, quedando bajo su responsabilidad la protecci\u00f3n de los mismos. Este archivo tendr\u00e1 la finalidad de recoger los datos b\u00e1sicos para mantener informado al usuario acerca de productos y servicios de su inter\u00e9s.<\/p>\n<p>El usuario podr\u00e1 ejercer, si lo desea, el derecho de acceso, cancelaci\u00f3n, rectificaci\u00f3n y oposici\u00f3n de datos de car\u00e1cter personal que forman parte de nuestro archivo. Para ello se dirigir\u00e1 a nosotros en la secci\u00f3n de <a href=\"http:\/\/art27.es\/contacte\/\">contacto.<\/a><\/p>\n<p>En Art27 no nos gusta el spam y por ello nos comprometemos a no compartir ni ceder parte de los datos que nos facilites a trav\u00e9s de los formularios de contacto de nuestra p\u00e1gina. S\u00f3lo lo utilizaremos para enviarle informaci\u00f3n relacionada con nuestra actividad. En utilizar los formularios de contacto nos autoriza a enviarle informaci\u00f3n peri\u00f3dica en forma de newsletter (usted va a poder cancelar dicha subscripci\u00f3n en qualquier momento mediante el enlace proporcionado al pi\u00e9 de la propia newsletter).<\/p>","protected":false},"excerpt":{"rendered":"<p>En cumplimiento de la Ley Org\u00e1nica de Protecci\u00f3n de Datos de Car\u00e1cter Personal (Ley 15\/1999, de 13 de diciembre) los&hellip; <\/p>\n","protected":false},"author":1,"featured_media":0,"parent":0,"menu_order":0,"comment_status":"closed","ping_status":"closed","template":"","meta":{"_links_to":"","_links_to_target":""},"wf_page_folders":[80],"_links":{"self":[{"href":"https:\/\/art27.es\/es\/wp-json\/wp\/v2\/pages\/984"}],"collection":[{"href":"https:\/\/art27.es\/es\/wp-json\/wp\/v2\/pages"}],"about":[{"href":"https:\/\/art27.es\/es\/wp-json\/wp\/v2\/types\/page"}],"author":[{"embeddable":true,"href":"https:\/\/art27.es\/es\/wp-json\/wp\/v2\/users\/1"}],"replies":[{"embeddable":true,"href":"https:\/\/art27.es\/es\/wp-json\/wp\/v2\/comments?post=984"}],"version-history":[{"count":4,"href":"https:\/\/art27.es\/es\/wp-json\/wp\/v2\/pages\/984\/revisions"}],"predecessor-version":[{"id":2171,"href":"https:\/\/art27.es\/es\/wp-json\/wp\/v2\/pages\/984\/revisions\/2171"}],"wp:attachment":[{"href":"https:\/\/art27.es\/es\/wp-json\/wp\/v2\/media?parent=984"}],"wp:term":[{"taxonomy":"wf_page_folders","embeddable":true,"href":"https:\/\/art27.es\/es\/wp-json\/wp\/v2\/wf_page_folders?post=984"}],"curies":[{"name":"wp","href":"https:\/\/api.w.org\/{rel}","templated":true}]}}