{"id":425,"date":"2017-06-30T17:27:10","date_gmt":"2017-06-30T16:27:10","guid":{"rendered":"http:\/\/art27.es\/?page_id=425"},"modified":"2021-01-27T13:47:54","modified_gmt":"2021-01-27T12:47:54","slug":"a-distancia","status":"publish","type":"page","link":"https:\/\/art27.es\/es\/a-distancia\/","title":{"rendered":"A distancia"},"content":{"rendered":"<p><img loading=\"lazy\" class=\"wp-image-476 alignleft\" src=\"https:\/\/art27.es\/wp-content\/uploads\/2017\/06\/Feng-shui-skype-300x199.jpg\" alt=\"\" width=\"400\" height=\"265\" srcset=\"https:\/\/art27.es\/wp-content\/uploads\/2017\/06\/Feng-shui-skype-300x199.jpg 300w, https:\/\/art27.es\/wp-content\/uploads\/2017\/06\/Feng-shui-skype-768x510.jpg 768w, https:\/\/art27.es\/wp-content\/uploads\/2017\/06\/Feng-shui-skype.jpg 960w\" sizes=\"(max-width: 400px) 100vw, 400px\" \/><\/p>\n<p>Gracias a las nuevas tecnolog\u00edas realizar una consulta de Feng Shui a distancia desde cualquier punto del planeta es posible.<\/p>\n<p>Las consultas presenciales ofrecen un contacto directo con el espacio y las personas pero como contrapunto las realizadas a distancia son una opci\u00f3n m\u00e1s econ\u00f3mica.<\/p>\n<p>Realizamos consultas a distancia de propiedades particulares, comercios, negocios, proyectos de reformas, selecci\u00f3n de locales o residencias y actualizaciones anuales.<\/p>\n<p>&nbsp;<\/p>\n<p>&nbsp;<\/p>\n<p>Para realizar la consulta a distancia necesitamos la siguiente informaci\u00f3n:<\/p>\n<p>&#8211; Plano de la propiedad a escala<br \/>\n&#8211; Lectura grados orientaci\u00f3n de la propiedad con de la br\u00fajula<br \/>\n&#8211; Fotos interiores y exteriores (muy importantes)<br \/>\n&#8211; V\u00eddeo interior y exterior de la propiedad (muy \u00fatil para realizar un buen an\u00e1lisis)<br \/>\n&#8211; Fechas de nacimiento de los ocupantes o socios trabajadores<br \/>\n&#8211; Fecha de construcci\u00f3n del edificio, si se tiene.<br \/>\n&#8211; Objetivos de la consulta<\/p>\n<p>&nbsp;<\/p>\n<p>Una vez recibimos la informaci\u00f3n, la analizamos, elaboramos un informe escrito con todas las recomendaciones y le hacemos llegar el documento. Posteriormente resolvemos todas las dudas y cuestiones que pueden haber surgido.<\/p>\n<p>&nbsp;<\/p>\n<p><a href=\"http:\/\/art27.es\/es\/contacto\/\">Pedir Presupuesto<\/a><\/p>\n<p>&nbsp;<\/p>\n<p style=\"text-align: center;\"><a href=\"http:\/\/art27.es\/es\/category\/testimonios\/\">Testimonios particulares <\/a>\u00a0\u00a0\u00a0\u00a0\u00a0\u00a0\u00a0\u00a0\u00a0\u00a0\u00a0\u00a0\u00a0\u00a0\u00a0 <a href=\"http:\/\/art27.es\/es\/a-distancia\/\">Estudios On line\u00a0<\/a>\u00a0\u00a0\u00a0\u00a0\u00a0\u00a0\u00a0\u00a0\u00a0\u00a0\u00a0\u00a0\u00a0\u00a0\u00a0\u00a0\u00a0\u00a0 <a href=\"http:\/\/art27.es\/es\/curso-feng-shui-esencial\/\">Cursos<\/a>\u00a0\u00a0\u00a0\u00a0\u00a0\u00a0\u00a0\u00a0\u00a0\u00a0\u00a0\u00a0\u00a0\u00a0\u00a0\u00a0\u00a0\u00a0\u00a0\u00a0\u00a0\u00a0\u00a0 <a href=\"http:\/\/art27.es\/es\/contacto\/\">Presupuestos<\/a><\/p>\n<p>&nbsp;<\/p>","protected":false},"excerpt":{"rendered":"<p>Gracias a las nuevas tecnolog\u00edas realizar una consulta de Feng Shui a distancia desde cualquier punto del planeta es posible.&hellip; <\/p>\n","protected":false},"author":2,"featured_media":0,"parent":0,"menu_order":0,"comment_status":"closed","ping_status":"closed","template":"","meta":{"_links_to":"","_links_to_target":""},"wf_page_folders":[79],"_links":{"self":[{"href":"https:\/\/art27.es\/es\/wp-json\/wp\/v2\/pages\/425"}],"collection":[{"href":"https:\/\/art27.es\/es\/wp-json\/wp\/v2\/pages"}],"about":[{"href":"https:\/\/art27.es\/es\/wp-json\/wp\/v2\/types\/page"}],"author":[{"embeddable":true,"href":"https:\/\/art27.es\/es\/wp-json\/wp\/v2\/users\/2"}],"replies":[{"embeddable":true,"href":"https:\/\/art27.es\/es\/wp-json\/wp\/v2\/comments?post=425"}],"version-history":[{"count":27,"href":"https:\/\/art27.es\/es\/wp-json\/wp\/v2\/pages\/425\/revisions"}],"predecessor-version":[{"id":727,"href":"https:\/\/art27.es\/es\/wp-json\/wp\/v2\/pages\/425\/revisions\/727"}],"wp:attachment":[{"href":"https:\/\/art27.es\/es\/wp-json\/wp\/v2\/media?parent=425"}],"wp:term":[{"taxonomy":"wf_page_folders","embeddable":true,"href":"https:\/\/art27.es\/es\/wp-json\/wp\/v2\/wf_page_folders?post=425"}],"curies":[{"name":"wp","href":"https:\/\/api.w.org\/{rel}","templated":true}]}}