{"id":1736,"date":"2018-06-06T20:09:33","date_gmt":"2018-06-06T19:09:33","guid":{"rendered":"https:\/\/art27.es\/?page_id=1736"},"modified":"2021-01-27T14:00:29","modified_gmt":"2021-01-27T13:00:29","slug":"tagradaria-augmentar-el-rendiment-de-la-teva-empresa","status":"publish","type":"page","link":"https:\/\/art27.es\/es\/te-gustaria-augmentar-el-rendimiento-de-tu-empresa\/","title":{"rendered":"\u00bfTe gustar\u00eda augmentar el rendimiento de tu empresa?"},"content":{"rendered":"<p><img loading=\"lazy\" class=\"wp-image-1839 size-full alignleft\" src=\"https:\/\/art27.es\/wp-content\/uploads\/2018\/06\/estudis-feng-shui-art27-empreses-lidia-serret-girona-barcelona.jpg\" alt=\"\" width=\"400\" height=\"267\" srcset=\"https:\/\/art27.es\/wp-content\/uploads\/2018\/06\/estudis-feng-shui-art27-empreses-lidia-serret-girona-barcelona.jpg 400w, https:\/\/art27.es\/wp-content\/uploads\/2018\/06\/estudis-feng-shui-art27-empreses-lidia-serret-girona-barcelona-300x200.jpg 300w\" sizes=\"(max-width: 400px) 100vw, 400px\" \/>\u00bfSabes que trabajar en lugares donde se respira un <strong>ambiente sano y equilibrado los cometidos prosperan<\/strong> sin obst\u00e1culos?<\/p>\n<p>Armonizar el espacio de un entorno laboral puede hacer la diferencia entre una empresa que crece y alcanza sus metas y otra que se queda estancada y enfrenta dificultades.<\/p>\n<p>Son muchas las personas que asocian el arte del Feng Shui en el \u00e1mbito m\u00e1s personal y privado pero&#8230;<\/p>\n<h3><strong>\u00bfQu\u00e9 pasa con el espacio laboral?<\/strong><\/h3>\n<p>\u00bfQue pasa con ese entorno? \u00bfsuma o resta a la calidad de vida de las personas?<\/p>\n<p>Ya sean en una oficina, en una tienda o en un almac\u00e9n<strong> la calidad del ambiente laboral influye en el bienestar de todos los empleados y por consiguiente en el beneficio de la empresa.<\/strong><\/p>\n<p>Trabajar en lugares agradables y equilibrados donde la energ\u00eda se mueve con fluidez siguiendo su ritmo natural, garantiza que las personas se sientan bien en \u00e9l.<\/p>\n<p>Se trata de una relaci\u00f3n rec\u00edproca entre el ser humano y su entorno, porque<strong> los espacios influyen en las personas y las personas en los espacios.<\/strong><\/p>\n<h3><strong>\u00bfTe gustar\u00eda crear un entorno de trabajo m\u00e1s positivo, c\u00f3modo y eficiente?<\/strong><\/h3>\n<p>La t\u00e9cnica del Feng Shui aporta muchos beneficios en los entornos laborales ayudando a:<\/p>\n<ul>\n<li>Augmentar la <strong>vitalidad<\/strong> de los trabajadores<\/li>\n<li>Mejorar la <strong>motivaci\u00f3n<\/strong> y el <strong>bienestar<\/strong> de las personas<\/li>\n<li>Reducir el absentismo laboral<\/li>\n<li>Mejorar la<strong> concentraci\u00f3n<\/strong> y la <strong>disciplina<\/strong><\/li>\n<li><strong>Disminuir<\/strong> los <strong>accidentes<\/strong> y los<strong> errores<\/strong><\/li>\n<li>Proporcionar mayor<strong> claridad<\/strong> y <strong>foco<\/strong> en los equipos<\/li>\n<li>Impulsar para alcanzar el <strong>\u00e9xito<\/strong> en los <strong>cometidos<\/strong><\/li>\n<li>Incrementar la <strong>productividad<\/strong> y los <strong>beneficios<\/strong> de la empresa<\/li>\n<li>A\u00f1ade <strong>valor<\/strong> al equipo <strong>humano.<\/strong><\/li>\n<\/ul>\n<p><img loading=\"lazy\" class=\"wp-image-561 alignleft\" src=\"https:\/\/art27.es\/wp-content\/uploads\/2017\/07\/art27-feng-shui-portada-negocis-negocios-300x245.jpg\" alt=\"comercios feng shui\" width=\"400\" height=\"327\" \/>Y todo esto porque el <strong>Feng Shui analiza<\/strong> la relaci\u00f3n existente entre los <strong>espacios, el tiempo y las personas<\/strong>. La calidad de la energ\u00eda ambiental influye directamente en el bienestar, las relaciones y en el rendimiento laboral.<\/p>\n<p>La aplicaci\u00f3n de la t\u00e9cnica del Feng Shui es una medida preventiva que ayuda a <strong>reducir el estr\u00e9s ambiental.<\/strong><\/p>\n<p>Este m\u00e9todo oriental facilita directrices espec\u00edficas sobre c\u00f3mo <strong>ubicar, orientar, dise\u00f1ar y decorar los entornos laborales<\/strong> <strong>para poder aprovechar la energ\u00eda vital y usarla productivamente.<\/strong><\/p>\n<p>La energ\u00eda capturada en un edificio en el momento de su construcci\u00f3n afecta f\u00edsica, mental y emocionalmente a las personas que trabajan en \u00e9l, independientemente de sus creencias.<\/p>\n<p>Para garantizar un entorno equilibrado, por ejemplo, es necesario regular los opuestos Yin y Yang. Los entornos con excesos de Yang crean estr\u00e9s e hiperactividad y los entornos con excesos de Yin crean estancamiento y falta de iniciativa.<\/p>\n<p>Existen muchos ejemplos de marcas internacional que han aplicado esta t\u00e9cnica, pero lo m\u00e1s importante de todo es que, esta disciplina, est\u00e1 al alcance de todo el mundo como es el caso de todos <strong>nuestros clientes<\/strong>.<\/p>\n<p>En <strong>Art27<\/strong> aplicamos la t\u00e9cnica del Feng Shui conjuntamente con otras herramientas y tecnolog\u00edas para armonizar todo tipo de entornos laborales.<\/p>\n<p>Nos encantar\u00eda poderte ayudar para que tu empresa crezca y de sus mejores frutos.<\/p>\n<p><strong>An\u00edmate a aplica Feng Shui en el \u00e1mbito laboral<\/strong> <strong>y alcanza con \u00e9xito todos tus objetivos empresariales!<\/strong><\/p>","protected":false},"excerpt":{"rendered":"<p>\u00bfSabes que trabajar en lugares donde se respira un ambiente sano y equilibrado los cometidos prosperan sin obst\u00e1culos? Armonizar el&hellip; <\/p>\n","protected":false},"author":1,"featured_media":0,"parent":0,"menu_order":0,"comment_status":"closed","ping_status":"closed","template":"","meta":{"_links_to":"","_links_to_target":""},"wf_page_folders":[78],"_links":{"self":[{"href":"https:\/\/art27.es\/es\/wp-json\/wp\/v2\/pages\/1736"}],"collection":[{"href":"https:\/\/art27.es\/es\/wp-json\/wp\/v2\/pages"}],"about":[{"href":"https:\/\/art27.es\/es\/wp-json\/wp\/v2\/types\/page"}],"author":[{"embeddable":true,"href":"https:\/\/art27.es\/es\/wp-json\/wp\/v2\/users\/1"}],"replies":[{"embeddable":true,"href":"https:\/\/art27.es\/es\/wp-json\/wp\/v2\/comments?post=1736"}],"version-history":[{"count":21,"href":"https:\/\/art27.es\/es\/wp-json\/wp\/v2\/pages\/1736\/revisions"}],"predecessor-version":[{"id":1947,"href":"https:\/\/art27.es\/es\/wp-json\/wp\/v2\/pages\/1736\/revisions\/1947"}],"wp:attachment":[{"href":"https:\/\/art27.es\/es\/wp-json\/wp\/v2\/media?parent=1736"}],"wp:term":[{"taxonomy":"wf_page_folders","embeddable":true,"href":"https:\/\/art27.es\/es\/wp-json\/wp\/v2\/wf_page_folders?post=1736"}],"curies":[{"name":"wp","href":"https:\/\/api.w.org\/{rel}","templated":true}]}}