{"id":1710,"date":"2018-06-06T17:34:50","date_gmt":"2018-06-06T16:34:50","guid":{"rendered":"https:\/\/art27.es\/?page_id=1710"},"modified":"2021-01-27T13:58:50","modified_gmt":"2021-01-27T12:58:50","slug":"que-es-el-feng-shui","status":"publish","type":"page","link":"https:\/\/art27.es\/es\/que-es-el-feng-shui\/","title":{"rendered":"\u00bfQu\u00e9 es el Feng Shui?"},"content":{"rendered":"<p><img loading=\"lazy\" class=\"alignleft wp-image-1841 size-full\" src=\"https:\/\/art27.es\/wp-content\/uploads\/2018\/06\/feng-shui-art27-lidia-serret-estudis-consultoria.jpg\" alt=\"\" width=\"400\" height=\"300\" srcset=\"https:\/\/art27.es\/wp-content\/uploads\/2018\/06\/feng-shui-art27-lidia-serret-estudis-consultoria.jpg 400w, https:\/\/art27.es\/wp-content\/uploads\/2018\/06\/feng-shui-art27-lidia-serret-estudis-consultoria-300x225.jpg 300w\" sizes=\"(max-width: 400px) 100vw, 400px\" \/>En alg\u00fan momento te has preguntado qu\u00e9 energ\u00eda es el que impulsa a crecer a las plantas, los \u00e1rboles y las flores? Y de donde proviene y c\u00f3mo funciona ?<\/p>\n<p>Esta fuerza omnipresente en la naturaleza es la que genera las oleadas del mar, la que hace explosionar los volcanes, la crea nuevas monta\u00f1as, la que nutre de vida al planeta, a las plantas, a los animales y a los humanos. Esta fuerza vital se mueve, circula, gira y anima con su pulsaci\u00f3n a crecer, morir y renacer constantemente.<\/p>\n<p>La vida y el destino de todos los seres vivos est\u00e1 \u00edntimamente vinculada a esta fuerza vital. Los humanos estamos en interacci\u00f3n constante con todo lo que nos rodea y el <strong>Feng Shui nos ofrece la posibilidad de estudiar y aprender como funciona esta energ\u00eda.<\/strong><\/p>\n<p>A lo largo de la historia el hombre ha utilizado este fuerza para mejorar su calidad de vida. El ser humano ha dise\u00f1ado ruedas de molino impulsadas por agua, tomadas para crear electricidad, molinos de viento, barcos de vela, placas solares, motores magn\u00e9ticos,etc. Todos estos y muchos otros inventos han ayudante a mejorar significativamente la vida de las personas.<\/p>\n<p>Pues bien, ahora imag\u00ednate poder aprovechar toda esta <strong>fuerza vital para poder impulsar tu vida, tus proyectos y conseguir el objetivo que te marques<\/strong>. El Feng Shui estudia como se mueve y c\u00f3mo se puede aprovechar el flujo de chi m\u00e1s beneficioso para mejorar el rendimiento en todo aquello que se emprende ayudando, al mismo tiempo, a tomar las decisiones m\u00e1s acertadas.<\/p>\n<p><strong>La traducci\u00f3n literal de Feng Shui es viento y agua<\/strong> y este t\u00e9cnica nos ense\u00f1a a vivir observando las condiciones externas del viento y el agua del mismo modo que un velero ajusta la inclinaci\u00f3n de la vela y el tim\u00f3n para poder navegar correctamente.<\/p>\n<p><strong>Ser conscientes de nuestra conexi\u00f3n con el entorno<\/strong> y saber como sacar el m\u00e1ximo rendimiento de los aspectos positivos de esta fuerza vital es sumamente importante para realizar cambios conscientes a nuestra vida.<\/p>\n<h3><strong>El Feng Shui como herramienta<\/strong><\/h3>\n<p><strong>El Feng Shui es una herramienta muy \u00fatil y potente que armoniza las fuerzas de la naturaleza para fomentar, la salud, las relaciones y la prosperidad<\/strong>. Esta ciencia estudia el relevo y las formas para encontrar el ambiente externo ideal para poder traer una vida armoniosa, sana y abundante.<\/p>\n<p>El entorno externo juega un papel important\u00edsimo en la vida de todo ser humano. <strong>El ambiente exterior<\/strong> de cualquier construcci\u00f3n<strong> tiene una influencia del 70%<\/strong> mientras que<strong> el interior s\u00f3lo es un 30%<\/strong>.<\/p>\n<h3><strong>Observaci\u00f3n del entorno<\/strong><\/h3>\n<p>Las monta\u00f1as, los r\u00edos y los lagos o bien los edificios, carreteras o piscinas contribuyen a <img loading=\"lazy\" class=\"alignright wp-image-514\" src=\"https:\/\/art27.es\/wp-content\/uploads\/2017\/06\/alps-757731_960_720-300x206.jpg\" alt=\"relleu exterior feng shui\" width=\"400\" height=\"275\" srcset=\"https:\/\/art27.es\/wp-content\/uploads\/2017\/06\/alps-757731_960_720-300x206.jpg 300w, https:\/\/art27.es\/wp-content\/uploads\/2017\/06\/alps-757731_960_720-768x528.jpg 768w, https:\/\/art27.es\/wp-content\/uploads\/2017\/06\/alps-757731_960_720.jpg 960w\" sizes=\"(max-width: 400px) 100vw, 400px\" \/><br \/>\ncanalizar y a mover la energ\u00eda vital hacia una espacio determinado. Alrededor de cualquier construcci\u00f3n pueden haber influencias muy ben\u00e9ficas y otras que no lo son tanto.<\/p>\n<p>Mediante la <strong>observaci\u00f3n del entorno<\/strong> se puede <strong>valorar la calidad ambiental externa e interna<\/strong> de cualquier construcci\u00f3n y determinar de qu\u00e9 manera afecta al bienestar f\u00edsico, emocional y espiritual de cualquier de sus ocupantes.<\/p>\n<p>Utilizando los conocimientos del Feng Shui en una vivienda o puesto de trabajo conseguimos crear ambientes arm\u00f3nicos y saludables que aumentan la posibilidad de dirigir nuestras vidas hacia los hitos marcados y conseguir con \u00e9xito nuestros objetivos.<\/p>\n<p>Esta disciplina es una de las cinco artes de la metaf\u00edsica china y nos permite analizar las energ\u00edas ambientales de los espacios para mejorar la vida de sus habitantes.<\/p>\n<h3><strong>Una variable importante, el tiempo<\/strong><\/h3>\n<p>El <strong>factor tiempo<\/strong> es otra influencia constante sobre nuestras vidas. Crecimiento, desarrollo y cambios est\u00e1n inherentes en el camino de todos los seres humanos. Todo est\u00e1 bajo la influencia temporal, todo el que est\u00e1 <strong>vinculado a la vida atraviesa ciclos y periodos<\/strong>. Por lo tanto es posible que un espacio sea adecuado durante un periodo de tiempo pero despu\u00e9s de haber trascurrido este periodo su influencia deje de ser ben\u00e9fica.<strong> El Feng Shui nos ayuda a andar, equilibrar y armonizarnos a trav\u00e9s del espacio y el tiempo.<\/strong><\/p>\n<h3><strong>\u00bfCu\u00e1ndo aplicar la t\u00e9cnica?<\/strong><\/h3>\n<p>Esta disciplina se puede aplicar en cualquier espacio habitado pero existen<strong> momentos clave<\/strong> donde realmente es muy recomendable <strong>aplicar la t\u00e9cnica.<\/strong><\/p>\n<ul>\n<li>A la hora de <strong>escoger<\/strong> un <strong>terreno<\/strong> para edificar<\/li>\n<li>En el momento de<strong> dise\u00f1ar<\/strong> una <strong>construcci\u00f3n<\/strong><\/li>\n<li>En la<strong> b\u00fasqueda<\/strong> y selecci\u00f3n de una nueva <strong>vivienda o local<\/strong><\/li>\n<li>Y en los <strong>proyectos de reformas<\/strong> y remodelaciones<\/li>\n<\/ul>\n<p><\/p>","protected":false},"excerpt":{"rendered":"<p>En alg\u00fan momento te has preguntado qu\u00e9 energ\u00eda es el que impulsa a crecer a las plantas, los \u00e1rboles y&hellip; <\/p>\n","protected":false},"author":1,"featured_media":0,"parent":0,"menu_order":0,"comment_status":"closed","ping_status":"closed","template":"","meta":{"_links_to":"","_links_to_target":""},"wf_page_folders":[78],"_links":{"self":[{"href":"https:\/\/art27.es\/es\/wp-json\/wp\/v2\/pages\/1710"}],"collection":[{"href":"https:\/\/art27.es\/es\/wp-json\/wp\/v2\/pages"}],"about":[{"href":"https:\/\/art27.es\/es\/wp-json\/wp\/v2\/types\/page"}],"author":[{"embeddable":true,"href":"https:\/\/art27.es\/es\/wp-json\/wp\/v2\/users\/1"}],"replies":[{"embeddable":true,"href":"https:\/\/art27.es\/es\/wp-json\/wp\/v2\/comments?post=1710"}],"version-history":[{"count":23,"href":"https:\/\/art27.es\/es\/wp-json\/wp\/v2\/pages\/1710\/revisions"}],"predecessor-version":[{"id":1944,"href":"https:\/\/art27.es\/es\/wp-json\/wp\/v2\/pages\/1710\/revisions\/1944"}],"wp:attachment":[{"href":"https:\/\/art27.es\/es\/wp-json\/wp\/v2\/media?parent=1710"}],"wp:term":[{"taxonomy":"wf_page_folders","embeddable":true,"href":"https:\/\/art27.es\/es\/wp-json\/wp\/v2\/wf_page_folders?post=1710"}],"curies":[{"name":"wp","href":"https:\/\/api.w.org\/{rel}","templated":true}]}}