{"id":1652,"date":"2018-06-06T16:09:16","date_gmt":"2018-06-06T15:09:16","guid":{"rendered":"https:\/\/art27.es\/?page_id=1652"},"modified":"2022-04-06T11:36:28","modified_gmt":"2022-04-06T10:36:28","slug":"inici-art27-lart-de-sincronitzar-amb-el-teu-entron","status":"publish","type":"page","link":"https:\/\/art27.es\/es\/","title":{"rendered":"Inicio &#8211; Art27 &#8211; El arte de sintonizar con tu entorno"},"content":{"rendered":"<p>Nombre\">\r\n<input type=\"email\" name=\"EMAIL\" placeholder=\"email\" required  \/>\r\n<input type=\"submit\" value=\"Inscribir\" style=\"width: 130px !important;\" \/>\r\n<br>\r\n    <input name=\"AGREE_TO_TERMS\" value=\"1\" required=\"\" type=\"checkbox\"> <a href=\"https:\/\/art27.es\/politica-de-privacitat\/\" target=\"_blank\">He le\u00eddo y acepto la pol\u00edtica de privacidad<\/a>\r\n\t\r\n<\/div><label style=\"display: none !important;\">Deja vac\u00edo este campo si eres humano: <input type=\"text\" name=\"_mc4wp_honeypot\" value=\"\" tabindex=\"-1\" autocomplete=\"off\" \/><\/label><input type=\"hidden\" name=\"_mc4wp_timestamp\" value=\"1776431018\" \/><input type=\"hidden\" name=\"_mc4wp_form_id\" value=\"811\" \/><input type=\"hidden\" name=\"_mc4wp_form_element_id\" value=\"mc4wp-form-1\" \/><div class=\"mc4wp-response\"><\/div><\/form><!-- \/ Mailchimp for WordPress Plugin --><\/div>\n<div class=\"site-info\">\n<table class=\"aligncenter\" style=\"border-collapse: collapse; border-style: hidden;\" border=\"0\">\n<tbody>\n<tr>\n<td style=\"width: 33.3333%; text-align: center; vertical-align: top;\"><a href=\"https:\/\/art27.es\/que-es-el-feng-shui\/\"><img loading=\"lazy\" class=\"imatge-portada alignleft wp-image-1841 size-medium\" src=\"https:\/\/art27.es\/wp-content\/uploads\/2018\/06\/feng-shui-art27-lidia-serret-estudis-consultoria-300x225.jpg\" alt=\"\" width=\"300\" height=\"200\" \/><span style=\"color: #ff6666;\"><span style=\"color: #000000;\"><b>Qu\u00e8 \u00e9s el Feng Shui<\/b><\/span><\/span><\/a><\/p>\n<p>En algun moment t\u2019has preguntat quina energia \u00e9s el que impulsa a cr\u00e9ixer a les plantes, els arbres i les flors? I d\u2019on prov\u00e9 i com funciona?<\/p>\n<p><a href=\"https:\/\/art27.es\/que-es-el-feng-shui\/\">continua llegint&#8230;<\/a><\/td>\n<td style=\"width: 33.3333%; vertical-align: top; text-align: center;\"><a href=\"https:\/\/art27.es\/tagradaria-augmentar-el-rendiment-de-la-teva-empresa\/\"><img loading=\"lazy\" class=\"imatge-portada alignleft wp-image-1839 size-medium\" src=\"https:\/\/art27.es\/wp-content\/uploads\/2018\/06\/estudis-feng-shui-art27-empreses-lidia-serret-girona-barcelona-300x200.jpg\" alt=\"\" width=\"300\" height=\"200\" srcset=\"https:\/\/art27.es\/wp-content\/uploads\/2018\/06\/estudis-feng-shui-art27-empreses-lidia-serret-girona-barcelona-300x200.jpg 300w, https:\/\/art27.es\/wp-content\/uploads\/2018\/06\/estudis-feng-shui-art27-empreses-lidia-serret-girona-barcelona.jpg 400w\" sizes=\"(max-width: 300px) 100vw, 300px\" \/><\/a><\/p>\n<p><b>Augmenta la productivitat de la teva empresa<\/b><\/p>\n<p>Saps que treballar en llocs on es respira un ambient sa i equilibrat les objectius prosperen sense obstacles?<\/p>\n<p><a href=\"https:\/\/art27.es\/tagradaria-augmentar-el-rendiment-de-la-teva-empresa\/\">continua llegint&#8230;<\/a><\/td>\n<td style=\"width: 33.3333%; vertical-align: top; text-align: center;\"><a href=\"https:\/\/art27.es\/com-activar-la-teva-prosperitat-personal\/\"><img loading=\"lazy\" class=\"imatge-portada alignleft wp-image-1840 size-medium\" src=\"https:\/\/art27.es\/wp-content\/uploads\/2018\/06\/estudis-feng-shui-art27-particulars-lidia-serret-girona-300x182.jpg\" alt=\"\" width=\"300\" height=\"200\" \/><\/a><\/p>\n<p><b>Activa la prosperitat personal<\/b><\/p>\n<p>El Feng Shui \u00e9s una eina que ofereix l\u2019oportunitat de millorar la situaci\u00f3 financera de totes les persones que posin en practica la seva t\u00e8cnica.<\/p>\n<p><a href=\"https:\/\/art27.es\/com-activar-la-teva-prosperitat-personal\/\">continua llegint&#8230;<\/a><\/td>\n<\/tr>\n<\/tbody>\n<\/table>\n<\/div>\n<p><!--\n\n\n<div class=\"site-info site-info-2\">\n\n\n<h3 style=\"text-align: center;\">Testimonis<\/h3>\n\n\n&nbsp;\n\n\n<div class=\"tfree-sc-code selectable\" style=\"text-align: center;\">[sp_testimonial id=\"1497\"]<\/div>\n\n\n<\/div>\n\n\n\n\n<div class=\"top20\">\n\n\n<h3 style=\"text-align: center;\">Gr\u00e0cies per la vostra confian\u00e7a<\/h3>\n\n\n<\/div>\n\n\n[gallery link=\"none\" columns=\"6\" size=\"medium\" ids=\"1547,1546,1545,1544,1543,1542,1541,1540,1539,1538,1811\" orderby=\"rand\"]\n\n--><\/p>\n<div>\n<p><img loading=\"lazy\" class=\"alignnone wp-image-1884 size-full\" src=\"https:\/\/art27.es\/wp-content\/uploads\/2018\/06\/IMG_5372.jpg\" alt=\"Feng shui girona\" width=\"1200\" height=\"550\" srcset=\"https:\/\/art27.es\/wp-content\/uploads\/2018\/06\/IMG_5372.jpg 1200w, https:\/\/art27.es\/wp-content\/uploads\/2018\/06\/IMG_5372-300x138.jpg 300w, https:\/\/art27.es\/wp-content\/uploads\/2018\/06\/IMG_5372-768x352.jpg 768w, https:\/\/art27.es\/wp-content\/uploads\/2018\/06\/IMG_5372-1024x469.jpg 1024w\" sizes=\"(max-width: 1200px) 100vw, 1200px\" \/><\/p>\n<\/div>\n<p>&nbsp;<\/p>\n<div class=\"siteinfo3\">\n<p>Expl\u00edcanos tu caso y nos pondremos en contacto contigo<br \/>\nTenemos ganas de conocerte y de ofrecerte los beneficios del Feng Shui cl\u00e1sico<\/p>\n<p>En Art27 trabajamos de manera hol\u00edstica, armonizamos los espacios conectando y sincronizando la vida de las personas con los ciclos temporales.<\/p>\n<p>&nbsp;<\/p>\n<div>\n<form class=\"\" action=\"\/es\/reserva-o-pide-presupuesto-sin-compromiso\" method=\"get\"><input id=\"frm1_submit\" class=\"center\" name=\"\" type=\"submit\" value=\"Reservar\" \/><\/form>\n<\/div>\n<\/div>\n<p>&nbsp;<\/p>\n<p>&nbsp;<\/p>\n<div class=\"site-info\">\n<table class=\"aligncenter\" style=\"width: 100%; border-style: hidden;\" border=\"0\">\n<tbody>\n<tr>\n<td style=\"width: 50%;\"><img loading=\"lazy\" class=\"alignnone wp-image-1648 size-full\" src=\"https:\/\/art27.es\/wp-content\/uploads\/2018\/06\/estudis-feng-shui-art27-lidia-serret-interiorisme-projectes-girona.jpg\" alt=\"T\u00e9cnica Feng Shui\" width=\"1192\" height=\"737\" srcset=\"https:\/\/art27.es\/wp-content\/uploads\/2018\/06\/estudis-feng-shui-art27-lidia-serret-interiorisme-projectes-girona.jpg 1192w, https:\/\/art27.es\/wp-content\/uploads\/2018\/06\/estudis-feng-shui-art27-lidia-serret-interiorisme-projectes-girona-300x185.jpg 300w, https:\/\/art27.es\/wp-content\/uploads\/2018\/06\/estudis-feng-shui-art27-lidia-serret-interiorisme-projectes-girona-768x475.jpg 768w, https:\/\/art27.es\/wp-content\/uploads\/2018\/06\/estudis-feng-shui-art27-lidia-serret-interiorisme-projectes-girona-1024x633.jpg 1024w\" sizes=\"(max-width: 1192px) 100vw, 1192px\" \/><\/td>\n<td style=\"width: 50%; text-align: center; vertical-align: middle;\">\n<h2>Trasforma tu vida,<br \/>\nconecta con tu espacio<\/h2>\n<h4>Aprende a sacar el mayor rendimiento a tu espacio<br \/>\naprovechando la fuerza vital de los ciclos anuales<\/h4>\n<\/td>\n<\/tr>\n<\/tbody>\n<\/table>\n<\/div>\n<div class=\"site-info\">Incr\u00edbete y accede al tutorial que te ense\u00f1ar\u00e1 a dividir tu espacio en los ocho sectores de la br\u00fajula. Adem\u00e1s podr\u00e1s descargarte gratis la plantilla de Feng Shui de las 24 monta\u00f1as<\/div>\n<div class=\"site-info\"><script>(function() {\n\twindow.mc4wp = window.mc4wp || {\n\t\tlisteners: [],\n\t\tforms: {\n\t\t\ton: function(evt, cb) {\n\t\t\t\twindow.mc4wp.listeners.push(\n\t\t\t\t\t{\n\t\t\t\t\t\tevent   : evt,\n\t\t\t\t\t\tcallback: cb\n\t\t\t\t\t}\n\t\t\t\t);\n\t\t\t}\n\t\t}\n\t}\n})();\n<\/script><!-- Mailchimp for WordPress v4.8.6 - https:\/\/wordpress.org\/plugins\/mailchimp-for-wp\/ --><form id=\"mc4wp-form-2\" class=\"mc4wp-form mc4wp-form-811\" method=\"post\" data-id=\"811\" data-name=\"Subscriu-te i rep gratis un pdf\" ><div class=\"mc4wp-form-fields\"><br>\r\n  <input name=\"FNAME\" type=\"text\" placeholder=\"Nombre\">\r\n<input type=\"email\" name=\"EMAIL\" placeholder=\"email\" required  \/>\r\n<input type=\"submit\" value=\"Inscribir\" style=\"width: 130px !important;\" \/>\r\n<br>\r\n    <input name=\"AGREE_TO_TERMS\" value=\"1\" required=\"\" type=\"checkbox\"> <a href=\"https:\/\/art27.es\/politica-de-privacitat\/\" target=\"_blank\">He le\u00eddo y acepto la pol\u00edtica de privacidad<\/a>\r\n\t\r\n<\/div><label style=\"display: none !important;\">Deja vac\u00edo este campo si eres humano: <input type=\"text\" name=\"_mc4wp_honeypot\" value=\"\" tabindex=\"-1\" autocomplete=\"off\" \/><\/label><input type=\"hidden\" name=\"_mc4wp_timestamp\" value=\"1776431018\" \/><input type=\"hidden\" name=\"_mc4wp_form_id\" value=\"811\" \/><input type=\"hidden\" name=\"_mc4wp_form_element_id\" value=\"mc4wp-form-2\" \/><div class=\"mc4wp-response\"><\/div><\/form><!-- \/ Mailchimp for WordPress Plugin --><\/div>\n<div class=\"site-info\">\n<table class=\"aligncenter\" style=\"border-collapse: collapse; border-style: hidden;\" border=\"0\">\n<tbody>\n<tr>\n<td style=\"width: 33.3333%; text-align: center; vertical-align: top;\"><a href=\"https:\/\/art27.es\/que-es-el-feng-shui\/\"><img loading=\"lazy\" class=\"imatge-portada alignleft wp-image-1841 size-medium\" src=\"https:\/\/art27.es\/wp-content\/uploads\/2018\/06\/feng-shui-art27-lidia-serret-estudis-consultoria-300x225.jpg\" alt=\"\" width=\"300\" height=\"225\" srcset=\"https:\/\/art27.es\/wp-content\/uploads\/2018\/06\/feng-shui-art27-lidia-serret-estudis-consultoria-300x225.jpg 300w, https:\/\/art27.es\/wp-content\/uploads\/2018\/06\/feng-shui-art27-lidia-serret-estudis-consultoria.jpg 400w\" sizes=\"(max-width: 300px) 100vw, 300px\" \/><span style=\"color: #ff6666;\"><span style=\"color: #000000;\"><b>\u00bfQu\u00e9 es el Feng Shui?<\/b><\/span><\/span><\/a><\/p>\n<p>En alg\u00fan momento te has preguntado qu\u00e9 energ\u00eda es el que impulsa a crecer a las plantas, los \u00e1rboles y las flores? Y de donde proviene y c\u00f3mo funciona?<\/p>\n<p><a href=\"https:\/\/art27.es\/que-es-el-feng-shui\/\">contin\u00faa leyendo &#8230;<\/a><\/td>\n<td style=\"width: 33.3333%; vertical-align: top; text-align: center;\"><a href=\"https:\/\/art27.es\/tagradaria-augmentar-el-rendiment-de-la-teva-empresa\/\"><img loading=\"lazy\" class=\"imatge-portada alignleft wp-image-1839 size-medium\" src=\"https:\/\/art27.es\/wp-content\/uploads\/2018\/06\/estudis-feng-shui-art27-empreses-lidia-serret-girona-barcelona-300x200.jpg\" alt=\"\" width=\"300\" height=\"200\" srcset=\"https:\/\/art27.es\/wp-content\/uploads\/2018\/06\/estudis-feng-shui-art27-empreses-lidia-serret-girona-barcelona-300x200.jpg 300w, https:\/\/art27.es\/wp-content\/uploads\/2018\/06\/estudis-feng-shui-art27-empreses-lidia-serret-girona-barcelona.jpg 400w\" sizes=\"(max-width: 300px) 100vw, 300px\" \/><\/a><\/p>\n<p><b>Aumenta la productividad de la tu empresa<\/b><\/p>\n<p>\u00bfSabes que trabajar en lugares donde se respira un ambiente sano y equilibrado los cometidos prosperan sin obst\u00e1culos?<\/p>\n<p><a href=\"https:\/\/art27.es\/tagradaria-augmentar-el-rendiment-de-la-teva-empresa\/\">contin\u00faa leyendo &#8230;<\/a><\/td>\n<td style=\"width: 33.3333%; vertical-align: top; text-align: center;\"><a href=\"https:\/\/art27.es\/com-activar-la-teva-prosperitat-personal\/\"><img loading=\"lazy\" class=\"imatge-portada alignleft wp-image-1840 size-medium\" src=\"https:\/\/art27.es\/wp-content\/uploads\/2018\/06\/estudis-feng-shui-art27-particulars-lidia-serret-girona-300x182.jpg\" alt=\"\" width=\"300\" height=\"182\" srcset=\"https:\/\/art27.es\/wp-content\/uploads\/2018\/06\/estudis-feng-shui-art27-particulars-lidia-serret-girona-300x182.jpg 300w, https:\/\/art27.es\/wp-content\/uploads\/2018\/06\/estudis-feng-shui-art27-particulars-lidia-serret-girona.jpg 400w\" sizes=\"(max-width: 300px) 100vw, 300px\" \/><\/a><\/p>\n<p><b>Activa la prosperidad personal<\/b><\/p>\n<p>El Feng Shui es una herramienta que brinda la oportunidad de mejorar la situaci\u00f3n financiera de todas las personas que pongan en practica su t\u00e9cnica.<\/p>\n<p><a href=\"https:\/\/art27.es\/com-activar-la-teva-prosperitat-personal\/\">contin\u00faa leyendo &#8230;<\/a><\/td>\n<\/tr>\n<\/tbody>\n<\/table>\n<\/div>\n<p><!--\n\n\n<div class=\"site-info site-info-2\">\n\n\n<h3 style=\"text-align: center;\">Testimonios<\/h3>\n\n\n&nbsp;\n\n\n<div class=\"tfree-sc-code selectable\" style=\"text-align: center;\">[sp_testimonial id=\"1497\"]<\/div>\n\n\n<\/div>\n\n\n\n\n<div class=\"top20\">\n\n\n<h3 style=\"text-align: center;\">Gracias por vuestra confianza<\/h3>\n\n\n<\/div>\n\n\n&nbsp;\n\n[gallery link=\"none\" columns=\"6\" size=\"medium\" ids=\"1547,1546,1545,1544,1543,1542,1541,1540,1539,1538,1811\" orderby=\"rand\"]\n\n&nbsp;--><\/p>","protected":false},"excerpt":{"rendered":"<p>&nbsp; Expl\u00edcanos tu caso y nos pondremos en contacto contigo Tenemos ganas de conocerte y de ofrecerte los beneficios del&hellip; <\/p>\n","protected":false},"author":1,"featured_media":0,"parent":0,"menu_order":0,"comment_status":"closed","ping_status":"closed","template":"","meta":{"_links_to":"","_links_to_target":""},"wf_page_folders":[78],"_links":{"self":[{"href":"https:\/\/art27.es\/es\/wp-json\/wp\/v2\/pages\/1652"}],"collection":[{"href":"https:\/\/art27.es\/es\/wp-json\/wp\/v2\/pages"}],"about":[{"href":"https:\/\/art27.es\/es\/wp-json\/wp\/v2\/types\/page"}],"author":[{"embeddable":true,"href":"https:\/\/art27.es\/es\/wp-json\/wp\/v2\/users\/1"}],"replies":[{"embeddable":true,"href":"https:\/\/art27.es\/es\/wp-json\/wp\/v2\/comments?post=1652"}],"version-history":[{"count":117,"href":"https:\/\/art27.es\/es\/wp-json\/wp\/v2\/pages\/1652\/revisions"}],"predecessor-version":[{"id":2303,"href":"https:\/\/art27.es\/es\/wp-json\/wp\/v2\/pages\/1652\/revisions\/2303"}],"wp:attachment":[{"href":"https:\/\/art27.es\/es\/wp-json\/wp\/v2\/media?parent=1652"}],"wp:term":[{"taxonomy":"wf_page_folders","embeddable":true,"href":"https:\/\/art27.es\/es\/wp-json\/wp\/v2\/wf_page_folders?post=1652"}],"curies":[{"name":"wp","href":"https:\/\/api.w.org\/{rel}","templated":true}]}}