{"id":1520,"date":"2018-05-25T17:26:04","date_gmt":"2018-05-25T16:26:04","guid":{"rendered":"https:\/\/art27.es\/?page_id=1520"},"modified":"2021-04-01T15:08:11","modified_gmt":"2021-04-01T14:08:11","slug":"lidia-serret","status":"publish","type":"page","link":"https:\/\/art27.es\/es\/lidia-art27\/","title":{"rendered":"L\u00eddia Art27"},"content":{"rendered":"<p><img loading=\"lazy\" class=\"alignnone wp-image-2058 size-full\" src=\"https:\/\/art27.es\/wp-content\/uploads\/2018\/09\/consultoria-feng-shui-art27-lidia-serret-consultora-girona-barcelona-tarragona-lleida-catalunya.jpg\" alt=\"lidia serret feng shui\" width=\"1200\" height=\"550\" srcset=\"https:\/\/art27.es\/wp-content\/uploads\/2018\/09\/consultoria-feng-shui-art27-lidia-serret-consultora-girona-barcelona-tarragona-lleida-catalunya.jpg 1200w, https:\/\/art27.es\/wp-content\/uploads\/2018\/09\/consultoria-feng-shui-art27-lidia-serret-consultora-girona-barcelona-tarragona-lleida-catalunya-300x138.jpg 300w, https:\/\/art27.es\/wp-content\/uploads\/2018\/09\/consultoria-feng-shui-art27-lidia-serret-consultora-girona-barcelona-tarragona-lleida-catalunya-768x352.jpg 768w, https:\/\/art27.es\/wp-content\/uploads\/2018\/09\/consultoria-feng-shui-art27-lidia-serret-consultora-girona-barcelona-tarragona-lleida-catalunya-1024x469.jpg 1024w\" sizes=\"(max-width: 1200px) 100vw, 1200px\" \/><\/p>\n<h3><b>Hola soy Lidia!<br \/>\n<\/b><\/h3>\n<p>Y esta es parte de mi historia&#8230;<\/p>\n<p>Siempre que miro atr\u00e1s en el tiempo para ver mi recorrido profesional me vienen a la mente unos recuerdos muy dulces y tiernos de mi infancia. Recuerdo como de muy peque\u00f1a, con cinco a\u00f1os, me gustaba experimentar y transformar mi espacio. Entonces mi radio de acci\u00f3n era mi habitaci\u00f3n; aquel juego despertaba en m\u00ed la capacidad de sentir y percibir diferentes sensaciones en mi campo experimental.<\/p>\n<p>De m\u00e1s grande, estudiando dise\u00f1o de interiores, una inquietud interna que emerg\u00eda de dentro m\u00ed, me impulsaba a cuestionar y a buscar cu\u00e1l era el objetivo final de la creaci\u00f3n de espacios.<\/p>\n<p>Fue entonces cuando cay\u00f3 un libro de Feng Shui en mis manos. De repente todo empez\u00f3 cobrar un nuevo sentido, las piezas del rompecabezas empezaban a enlazarse y pude entender de donde proven\u00edan mis inquietudes y los impulsos de ni\u00f1ez. Aquel libro me abri\u00f3 las puertas en un nuevo mundo, un mundo que me permit\u00eda crear espacios m\u00e1s arm\u00f3nicos y respetuosos para los seres humanos.<\/p>\n<p>Y as\u00ed fue como naci\u00f3 Art27 Feng Shui, un estudio especializado en la creaci\u00f3n de espacios saludables para mejorar la calidad de vida de las personas.<\/p>\n<p>Para m\u00ed el Feng Shui es m\u00e1s que una t\u00e9cnica, es un estilo de vida, que me permite vivir con m\u00e1s conciencia con mi entorno y con todas las personas que me rodean.<\/p>\n<p>!Y mi deseo es poder compartir estos conocimientos contigo!<\/p>\n<p><strong>\u00bfTe animas?<\/strong><\/p>","protected":false},"excerpt":{"rendered":"<p>Hola soy Lidia! Y esta es parte de mi historia&#8230; Siempre que miro atr\u00e1s en el tiempo para ver mi&hellip; <\/p>\n","protected":false},"author":1,"featured_media":0,"parent":0,"menu_order":0,"comment_status":"closed","ping_status":"closed","template":"","meta":{"_links_to":"","_links_to_target":""},"wf_page_folders":[78],"_links":{"self":[{"href":"https:\/\/art27.es\/es\/wp-json\/wp\/v2\/pages\/1520"}],"collection":[{"href":"https:\/\/art27.es\/es\/wp-json\/wp\/v2\/pages"}],"about":[{"href":"https:\/\/art27.es\/es\/wp-json\/wp\/v2\/types\/page"}],"author":[{"embeddable":true,"href":"https:\/\/art27.es\/es\/wp-json\/wp\/v2\/users\/1"}],"replies":[{"embeddable":true,"href":"https:\/\/art27.es\/es\/wp-json\/wp\/v2\/comments?post=1520"}],"version-history":[{"count":14,"href":"https:\/\/art27.es\/es\/wp-json\/wp\/v2\/pages\/1520\/revisions"}],"predecessor-version":[{"id":2175,"href":"https:\/\/art27.es\/es\/wp-json\/wp\/v2\/pages\/1520\/revisions\/2175"}],"wp:attachment":[{"href":"https:\/\/art27.es\/es\/wp-json\/wp\/v2\/media?parent=1520"}],"wp:term":[{"taxonomy":"wf_page_folders","embeddable":true,"href":"https:\/\/art27.es\/es\/wp-json\/wp\/v2\/wf_page_folders?post=1520"}],"curies":[{"name":"wp","href":"https:\/\/api.w.org\/{rel}","templated":true}]}}