{"id":1515,"date":"2018-05-25T17:22:57","date_gmt":"2018-05-25T16:22:57","guid":{"rendered":"https:\/\/art27.es\/?page_id=1515"},"modified":"2021-01-27T13:57:19","modified_gmt":"2021-01-27T12:57:19","slug":"professionals","status":"publish","type":"page","link":"https:\/\/art27.es\/es\/profesionales\/","title":{"rendered":"Profesionales"},"content":{"rendered":"<p><\/p>\n<h4><img loading=\"lazy\" class=\"alignnone wp-image-2054 size-full\" src=\"https:\/\/art27.es\/wp-content\/uploads\/2018\/09\/feng-shui-girona-art27-interiorisme-arquitecutra-estudis-consultoria-lidia-serret.jpg\" alt=\"arquitectura interiorismo feng shui\" width=\"1200\" height=\"550\" srcset=\"https:\/\/art27.es\/wp-content\/uploads\/2018\/09\/feng-shui-girona-art27-interiorisme-arquitecutra-estudis-consultoria-lidia-serret.jpg 1200w, https:\/\/art27.es\/wp-content\/uploads\/2018\/09\/feng-shui-girona-art27-interiorisme-arquitecutra-estudis-consultoria-lidia-serret-300x138.jpg 300w, https:\/\/art27.es\/wp-content\/uploads\/2018\/09\/feng-shui-girona-art27-interiorisme-arquitecutra-estudis-consultoria-lidia-serret-768x352.jpg 768w, https:\/\/art27.es\/wp-content\/uploads\/2018\/09\/feng-shui-girona-art27-interiorisme-arquitecutra-estudis-consultoria-lidia-serret-1024x469.jpg 1024w\" sizes=\"(max-width: 1200px) 100vw, 1200px\" \/><\/h4>\n<h4><strong>\u00bfTe gustar\u00eda aportar un servicio extra a tus clientes?<\/strong><\/h4>\n<p><strong>\u00bfEres arquiteco, interiorista, decorador, agente inmobiliario<span style=\"line-height: 1.8;\">\u00a0o\u00a0<\/span><span style=\"line-height: 1.8;\">constructor?<\/span><\/strong><\/p>\n<p>\u00bfQuieres aportar un valor a\u00f1adido a tus proyectos o al de tus clientes y contribuir en mejorar la calidad de vida de las personas?<\/p>\n<p>En Art27 trabajamos en colaboraci\u00f3n con profesionales, de diferentes \u00e1mbitos, aportando nuestros conocimientos con esta ciencia milenaria. Integramos el Feng Shui en proyectos\u00a0de obra nueva, reformas, decoraci\u00f3n de interiores y dise\u00f1o de jardines para crear ambientes m\u00e1s sanos y respetuosos con el ser humano.<\/p>\n<table style=\"width: 100%; border-collapse: collapse; border-style: groove; border-color: #000000;\" border=\"1\">\n<tbody>\n<tr style=\"border-style: solid;\">\n<td style=\"width: 100%; border-style: dotted;\">\n<h4 style=\"text-align: center;\"><strong>Te ayudamos a crear proyectos arm\u00f2nicos, saludables y llenos de vida\u00a0<\/strong><\/h4>\n<\/td>\n<\/tr>\n<\/tbody>\n<\/table>\n<p>Nos adaptamos a cada profesional y trabajamos en cada proyecto de manera paralela revisando todos los planos y aportamos la perspectiva del Feng Shui profesionalmente.<\/p>\n<p>Ponte en \u00a0<a href=\"https:\/\/art27.es\/contacte\/\">contacto<\/a><a href=\"https:\/\/art27.es\/contacte\/\">\u00a0y te informaremos<\/a><\/p>\n<p>&nbsp;<\/p>\n<h4><b>Talleres<\/b><\/h4>\n<p>Este curso de Feng Shui te ofrece la oportunidad de tomar conciencia de la influencia sutil que los espacios ejercen sobre la vida de las personas y te aportar\u00e1 recursos pr\u00e1cticos por su aplicaci\u00f3n en los proyectos de reformas o de nueva construcci\u00f3n.<\/p>\n<p>El taller engloba teor\u00eda y pr\u00e1ctica. La primera parte es una introducci\u00f3n b\u00e1sica en el mundo del Feng Shui y la segunda es el diagn\u00f3stico pr\u00e1ctico del caso que se quiera analizar.<\/p>\n<p><strong>Duradaci\u00f3n<\/strong>: 7 horas<br \/>\n<strong>Requisitos<\/strong>: No son necesarios conocimientos previos<br \/>\n<strong>Material<\/strong>: Se entrega dossier te\u00f3rico-pr\u00e1ctico<br \/>\n<strong>Antes del curso<\/strong>: V\u00eddeo tutorial previo al curso<br \/>\nFechas programadas<\/p>\n<p>&nbsp;<\/p>","protected":false},"excerpt":{"rendered":"<p>\u00bfTe gustar\u00eda aportar un servicio extra a tus clientes? \u00bfEres arquiteco, interiorista, decorador, agente inmobiliario\u00a0o\u00a0constructor? \u00bfQuieres aportar un valor a\u00f1adido&hellip; <\/p>\n","protected":false},"author":1,"featured_media":0,"parent":0,"menu_order":0,"comment_status":"closed","ping_status":"closed","template":"","meta":{"_links_to":"","_links_to_target":""},"wf_page_folders":[78],"_links":{"self":[{"href":"https:\/\/art27.es\/es\/wp-json\/wp\/v2\/pages\/1515"}],"collection":[{"href":"https:\/\/art27.es\/es\/wp-json\/wp\/v2\/pages"}],"about":[{"href":"https:\/\/art27.es\/es\/wp-json\/wp\/v2\/types\/page"}],"author":[{"embeddable":true,"href":"https:\/\/art27.es\/es\/wp-json\/wp\/v2\/users\/1"}],"replies":[{"embeddable":true,"href":"https:\/\/art27.es\/es\/wp-json\/wp\/v2\/comments?post=1515"}],"version-history":[{"count":40,"href":"https:\/\/art27.es\/es\/wp-json\/wp\/v2\/pages\/1515\/revisions"}],"predecessor-version":[{"id":2085,"href":"https:\/\/art27.es\/es\/wp-json\/wp\/v2\/pages\/1515\/revisions\/2085"}],"wp:attachment":[{"href":"https:\/\/art27.es\/es\/wp-json\/wp\/v2\/media?parent=1515"}],"wp:term":[{"taxonomy":"wf_page_folders","embeddable":true,"href":"https:\/\/art27.es\/es\/wp-json\/wp\/v2\/wf_page_folders?post=1515"}],"curies":[{"name":"wp","href":"https:\/\/api.w.org\/{rel}","templated":true}]}}