{"id":1510,"date":"2018-05-25T17:18:23","date_gmt":"2018-05-25T16:18:23","guid":{"rendered":"https:\/\/art27.es\/?page_id=1510"},"modified":"2021-01-27T13:52:28","modified_gmt":"2021-01-27T12:52:28","slug":"empreses","status":"publish","type":"page","link":"https:\/\/art27.es\/es\/empresas\/","title":{"rendered":"Empresas"},"content":{"rendered":"<p><img loading=\"lazy\" class=\"alignnone wp-image-2060 size-full\" src=\"https:\/\/art27.es\/wp-content\/uploads\/2018\/09\/estudis-feng-shui-art27-empreses-lidia-serret-girona.jpg\" alt=\"estudi feng shui empresa girona\" width=\"1200\" height=\"550\" srcset=\"https:\/\/art27.es\/wp-content\/uploads\/2018\/09\/estudis-feng-shui-art27-empreses-lidia-serret-girona.jpg 1200w, https:\/\/art27.es\/wp-content\/uploads\/2018\/09\/estudis-feng-shui-art27-empreses-lidia-serret-girona-300x138.jpg 300w, https:\/\/art27.es\/wp-content\/uploads\/2018\/09\/estudis-feng-shui-art27-empreses-lidia-serret-girona-768x352.jpg 768w, https:\/\/art27.es\/wp-content\/uploads\/2018\/09\/estudis-feng-shui-art27-empreses-lidia-serret-girona-1024x469.jpg 1024w\" sizes=\"(max-width: 1200px) 100vw, 1200px\" \/><\/p>\n<h3>\u00bfTe gustar\u00eda augmentar la creatividad, la motivaci\u00f3n o el rendimento en tu empresa?<\/h3>\n<p>Si es as\u00ed, entonces est\u00e1s en el sitio adecuado.<\/p>\n<p>En Art27 creemos que uno de los valores diferenciales de una empresa es el factor humano y sabemos que la integraci\u00f3n de la t\u00e9cnica del Feng Shui en el entorno laboral ayuda a aumentar el bienestar de todos los trabajadores.<\/p>\n<table style=\"border-collapse: collapse; width: 100%;\" border=\"1\">\n<tbody>\n<tr>\n<td style=\"width: 100%; border-color: #000000; border-style: solid;\">\n<h4 style=\"text-align: center;\"><strong>EL Feng Shui potencia la\u00a0motivaci\u00f3n, la creatividad y el rendimiento de los trabajadores<\/strong><\/h4>\n<\/td>\n<\/tr>\n<\/tbody>\n<\/table>\n<p>Los espacios de trabajo pueden convertirse en una poderosa herramienta estrat\u00e9gica para proporcionar dinamismo e impulso para conseguir los objetivos empresariales.<\/p>\n<p>El <strong>Feng Shui cl\u00e1sico<\/strong> fusiona el<strong> espacio<\/strong> y el<strong> tiempo<\/strong> permitiendo as\u00ed situarse en el<strong> lugar<\/strong> m\u00e1s adecuado en el momento m\u00e1s oportuno.<\/p>\n<p>Crear ambientes agradables y con buena presencia\u00a0<span style=\"line-height: 1.8;\">repercute de manera directa en la salud econ\u00f3mica de la empresa ya que:<\/span><\/p>\n<ul>\n<li>Mejoran las relaciones<\/li>\n<li>Se consiguen nuevos contactos<\/li>\n<li>Nuevas colaboraciones<\/li>\n<li>Y por lo tanto aumentan los beneficios econ\u00f3micos<\/li>\n<\/ul>\n<p>Cada consulta es \u00fanica y exclusiva. Utilizamos las f\u00f3rmulas del Feng Shui cl\u00e1sico y herramientas como la geobiolog\u00eda. la geocromoterapia y el TRE para complementar el nuestros servicios.<\/p>\n<p><a href=\"https:\/\/art27.es\/es\/te-gustaria-augmentar-el-rendimiento-de-tu-empresa\/\">+informaci\u00f3n<\/a><\/p>\n<h4><b>\u00bfEn que te podemos ayudar?<\/b><\/h4>\n<ul>\n<li>Cambios en el espacio actual<\/li>\n<li>Reformar el local o la oficina<\/li>\n<li>Seleccionar un nuevo emplazamiento<\/li>\n<\/ul>\n<h3><b>Nos adaptamos a ti<\/b><\/h3>\n<p><span style=\"text-decoration: underline;\">Estudio con informe<\/span><br \/>\nVisita presencial +\u00a0An\u00e1lisis propiedad + Entrega informe + Resoluci\u00f3n dudas<br \/>\n<span style=\"text-decoration: underline;\">Estudio sin informe<\/span><br \/>\nVisita presencial + An\u00e1lisis propiedad + Entrega plano con anotaciones + Resoluci\u00f3n dudas<br \/>\n<span style=\"text-decoration: underline;\">Estudios a distancia<\/span> Por Skype<\/p>\n<p><a href=\"https:\/\/art27.es\/es\/contacto\/\">Ponte en contacto, pide presupuesto<\/a><\/p>\n<h4><b>\u00bfQuieres aprender a aplicar la t\u00e9cnica del Feng Shui en tu empresa?<\/b><\/h4>\n<p>La mejor manera de experimentar los beneficios del Feng Shui se estudiando como funciona y poni\u00e9ndolo en pr\u00e1ctica en tu empresa.<\/p>\n<p>Este curso te ofrece la oportunidad de tomar conciencia de la influencia que ejerce el entorno laboral en todos los trabajadores.En el taller trabajamos de manera\u00a0te\u00f3rica y pr\u00e1ctica sobre tu empresa particular.<\/p>\n<p><strong>Duraci\u00f3n:<\/strong> 7 horas<br \/>\n<strong>Requisitos<\/strong>: No son necesarios conocimientos previos.<br \/>\n<strong>Material<\/strong>: Se entrega dosier te\u00f3rico-pr\u00e1ctico<br \/>\nFechas programadas (+<a href=\"\/activitats\">info<\/a>).<\/p>","protected":false},"excerpt":{"rendered":"<p>\u00bfTe gustar\u00eda augmentar la creatividad, la motivaci\u00f3n o el rendimento en tu empresa? Si es as\u00ed, entonces est\u00e1s en el&hellip; <\/p>\n","protected":false},"author":1,"featured_media":0,"parent":0,"menu_order":0,"comment_status":"closed","ping_status":"closed","template":"","meta":{"_links_to":"","_links_to_target":""},"wf_page_folders":[78],"_links":{"self":[{"href":"https:\/\/art27.es\/es\/wp-json\/wp\/v2\/pages\/1510"}],"collection":[{"href":"https:\/\/art27.es\/es\/wp-json\/wp\/v2\/pages"}],"about":[{"href":"https:\/\/art27.es\/es\/wp-json\/wp\/v2\/types\/page"}],"author":[{"embeddable":true,"href":"https:\/\/art27.es\/es\/wp-json\/wp\/v2\/users\/1"}],"replies":[{"embeddable":true,"href":"https:\/\/art27.es\/es\/wp-json\/wp\/v2\/comments?post=1510"}],"version-history":[{"count":41,"href":"https:\/\/art27.es\/es\/wp-json\/wp\/v2\/pages\/1510\/revisions"}],"predecessor-version":[{"id":2061,"href":"https:\/\/art27.es\/es\/wp-json\/wp\/v2\/pages\/1510\/revisions\/2061"}],"wp:attachment":[{"href":"https:\/\/art27.es\/es\/wp-json\/wp\/v2\/media?parent=1510"}],"wp:term":[{"taxonomy":"wf_page_folders","embeddable":true,"href":"https:\/\/art27.es\/es\/wp-json\/wp\/v2\/wf_page_folders?post=1510"}],"curies":[{"name":"wp","href":"https:\/\/api.w.org\/{rel}","templated":true}]}}