{"id":1505,"date":"2018-05-25T17:13:20","date_gmt":"2018-05-25T16:13:20","guid":{"rendered":"https:\/\/art27.es\/?page_id=1505"},"modified":"2021-01-27T13:56:29","modified_gmt":"2021-01-27T12:56:29","slug":"particulars","status":"publish","type":"page","link":"https:\/\/art27.es\/es\/particulares\/","title":{"rendered":"Particulares"},"content":{"rendered":"<p><img loading=\"lazy\" class=\"alignnone wp-image-2062 size-full\" src=\"https:\/\/art27.es\/wp-content\/uploads\/2018\/09\/estudis-feng-shui-art27-particulars-cuines-lidia-serret-girona.jpg\" alt=\"estudis feng shui vivenda\" width=\"1200\" height=\"550\" srcset=\"https:\/\/art27.es\/wp-content\/uploads\/2018\/09\/estudis-feng-shui-art27-particulars-cuines-lidia-serret-girona.jpg 1200w, https:\/\/art27.es\/wp-content\/uploads\/2018\/09\/estudis-feng-shui-art27-particulars-cuines-lidia-serret-girona-300x138.jpg 300w, https:\/\/art27.es\/wp-content\/uploads\/2018\/09\/estudis-feng-shui-art27-particulars-cuines-lidia-serret-girona-768x352.jpg 768w, https:\/\/art27.es\/wp-content\/uploads\/2018\/09\/estudis-feng-shui-art27-particulars-cuines-lidia-serret-girona-1024x469.jpg 1024w\" sizes=\"(max-width: 1200px) 100vw, 1200px\" \/><\/p>\n<h3><strong>\u00bfDeseas una vida m\u00e1s pr\u00f3spera saludable y feliz?<\/strong><\/h3>\n<p>La calidad de la energ\u00eda del entorno vital es una pieza clave en la vida de cualquier persona. Vivir en un entorno arm\u00f3nico beneficia en muchos aspectos a todos los usuarios de un mismo espacio.<\/p>\n<p>La finalidad de un estudio de Feng Shui es armonizar y potenciar los aspectos positivos de una vivienda porque la energ\u00eda fluya correctamente, proporcionando as\u00ed una vida m\u00e1s agradable, pr\u00f3spera y feliz a todos los ocupantes.<\/p>\n<p>Esta disciplina nos permite fusionar el arte de la ubicaci\u00f3n y el factor temporal. Es decir, nos permite estar en el lugar adecuado en el momento oportuno, proporcionando as\u00ed el impulso necesario y para avanzar hacia los objetivos marcados.<\/p>\n<p>Cada consulta es \u00fanica y exclusiva. Realizamos estudios totalmente personalizados analizando las fechas de nacimiento de cada persona para ubicarla en el lugar m\u00e1s adecuado seg\u00fan sus caracter\u00edsticas personales.<\/p>\n<p>Utilizamos las f\u00f3rmulas del Feng Shui cl\u00e1sico y otras t\u00e9cnicas complementarias como la geobiolog\u00eda, la geocromoterapia y el TRE para profundizar y precisar en el an\u00e1lisis de los estudios.<\/p>\n<h3><b>En que te podemos ayudar?<\/b><\/h3>\n<ul>\n<li>Cambios en la vivienda actual<\/li>\n<li>Reformar tu espacio<\/li>\n<li>Seleccionar una nueva vivienda<\/li>\n<li>Proyectar un nuevo hogar<\/li>\n<\/ul>\n<h3><b>Nos adaptamos a ti<\/b><\/h3>\n<p><span style=\"text-decoration: underline;\">Estudio con informe<\/span><br \/>\nVisita presencial +\u00a0An\u00e1lisis propiedad + Entrega informe + Resoluci\u00f3n dudas<br \/>\n<span style=\"text-decoration: underline;\">Estudio sin informe<\/span><br \/>\nVisita presencial + An\u00e1lisis propiedad + Entrega plano con anotaciones + Resoluci\u00f3n dudas<br \/>\n<span style=\"text-decoration: underline;\">Estudios a distancia<\/span> Por Skype<\/p>\n<p><a href=\"https:\/\/art27.es\/es\/contacto\/\">Ponte en contacto, pide presupuesto<\/a><\/p>\n<h3><b>Aprende la t\u00e9cnica del Feng Shui<\/b><\/h3>\n<p>La mejor manera de experimentar los beneficios del Feng Shui se estudiando como funciona y poni\u00e9ndolo en pr\u00e1ctica a tu vida cotidiana.<\/p>\n<p>Este curso te ofrece la oportunidad de tomar conciencia de la influencia que ejerce el espacio en tu vida. Trabajamos de manera te\u00f3rica y pr\u00e1ctica sobre tu caso particular.<\/p>\n<p><strong>Duraci\u00f3n:<\/strong> 7 horas<br \/>\n<strong>Requisitos<\/strong>: No son necesarios conocimientos previos.<br \/>\n<strong>Material<\/strong>: Se entrega dosier te\u00f3rico-pr\u00e1ctico<br \/>\nFechas programadas (+<a href=\"\/activitats\">info<\/a>).<\/p>","protected":false},"excerpt":{"rendered":"<p>\u00bfDeseas una vida m\u00e1s pr\u00f3spera saludable y feliz? La calidad de la energ\u00eda del entorno vital es una pieza clave&hellip; <\/p>\n","protected":false},"author":1,"featured_media":0,"parent":0,"menu_order":0,"comment_status":"closed","ping_status":"closed","template":"","meta":{"_links_to":"","_links_to_target":""},"wf_page_folders":[78],"_links":{"self":[{"href":"https:\/\/art27.es\/es\/wp-json\/wp\/v2\/pages\/1505"}],"collection":[{"href":"https:\/\/art27.es\/es\/wp-json\/wp\/v2\/pages"}],"about":[{"href":"https:\/\/art27.es\/es\/wp-json\/wp\/v2\/types\/page"}],"author":[{"embeddable":true,"href":"https:\/\/art27.es\/es\/wp-json\/wp\/v2\/users\/1"}],"replies":[{"embeddable":true,"href":"https:\/\/art27.es\/es\/wp-json\/wp\/v2\/comments?post=1505"}],"version-history":[{"count":13,"href":"https:\/\/art27.es\/es\/wp-json\/wp\/v2\/pages\/1505\/revisions"}],"predecessor-version":[{"id":2063,"href":"https:\/\/art27.es\/es\/wp-json\/wp\/v2\/pages\/1505\/revisions\/2063"}],"wp:attachment":[{"href":"https:\/\/art27.es\/es\/wp-json\/wp\/v2\/media?parent=1505"}],"wp:term":[{"taxonomy":"wf_page_folders","embeddable":true,"href":"https:\/\/art27.es\/es\/wp-json\/wp\/v2\/wf_page_folders?post=1505"}],"curies":[{"name":"wp","href":"https:\/\/api.w.org\/{rel}","templated":true}]}}