{"id":139,"date":"2017-06-05T20:20:25","date_gmt":"2017-06-05T19:20:25","guid":{"rendered":"http:\/\/art27.es\/nou\/?page_id=139"},"modified":"2021-01-27T13:51:14","modified_gmt":"2021-01-27T12:51:14","slug":"curs-introduccio-al-feng-shui","status":"publish","type":"page","link":"https:\/\/art27.es\/es\/curso-feng-shui-esencial\/","title":{"rendered":"Curso b\u00e1sico introductorio al Feng Shui cl\u00e1sico"},"content":{"rendered":"<p><\/p>\n<div><strong>Curso te\u00f3rico y pr\u00e1ctico para principiantes<\/strong><\/div>\n<div><\/div>\n<div>La mejor forma de experimentar los beneficios del Feng Shui es entender la manera en la que funciona y luego practicarlo en la vida cotidiana.<strong><img loading=\"lazy\" class=\"wp-image-317 alignright\" src=\"https:\/\/art27.es\/wp-content\/uploads\/2017\/06\/curs-300x206.jpg\" alt=\"\" width=\"400\" height=\"275\" srcset=\"https:\/\/art27.es\/wp-content\/uploads\/2017\/06\/curs-300x206.jpg 300w, https:\/\/art27.es\/wp-content\/uploads\/2017\/06\/curs-768x528.jpg 768w, https:\/\/art27.es\/wp-content\/uploads\/2017\/06\/curs-1024x703.jpg 1024w, https:\/\/art27.es\/wp-content\/uploads\/2017\/06\/curs.jpg 1198w\" sizes=\"(max-width: 400px) 100vw, 400px\" \/><\/strong><\/div>\n<div><\/div>\n<div>Este curso de Feng Shui le brindar\u00e1 la oportunidad de tomar consciencia de la influencia sutil que los espacios ejercen sobre la vida de las personas y le facilitr\u00e1 consejos y recursos pr\u00e1cticos para su aplicaci\u00f3n cotidiana.<\/div>\n<div><\/div>\n<div>El taller engloba teor\u00eda y pr\u00e1ctica. La primera parte es una introducci\u00f3n b\u00e1sica al mundo del Feng Shui y la segunda es el diagn\u00f3stico pr\u00e1ctico de la vivienda o local del participante.<\/div>\n<div>\n<p>&nbsp;<\/p>\n<p>Al finalizar el taller conocer\u00e1 los puntos fuertes y los d\u00e9biles del espacio analizado. Adquirir\u00e1 los conocimientos esenciales del Feng Shui para armonizar mediante los cambios y actuaciones concretas.<\/p>\n<p><strong>Programa del curso<br \/>\n<\/strong>&#8211; Or\u00edgenes<br \/>\n&#8211; El chi<br \/>\n&#8211; Los tres principios<br \/>\n&#8211; Ying y yang<br \/>\n&#8211; Los triagramas<br \/>\n&#8211; Los cinco elementos<br \/>\n&#8211; Movimiento del chi interior<br \/>\n&#8211; Lectura de la br\u00fajula<br \/>\n&#8211; Tipos de construcciones<br \/>\n&#8211; Cuadro Luo Sho<\/p>\n<\/div>\n<div><\/div>\n<div id=\"wb_Text2\"><strong>Duraci\u00f3n:<\/strong> 7 horas<br \/>\n<strong>Requisitos:<\/strong> No son necesarios conocimientos previos.<br \/>\n<strong>Material:<\/strong> Se entrega dosier te\u00f3rico-pr\u00e1ctico<br \/>\n<strong>Antes del curso:<\/strong> V\u00eddeo tutorial previo al curso<br \/>\nFechas programadas (<a href=\"http:\/\/art27.es\/actividades_y_cursos.html\">+info<\/a>)<\/div>\n<p><\/p>","protected":false},"excerpt":{"rendered":"<p>Curso te\u00f3rico y pr\u00e1ctico para principiantes La mejor forma de experimentar los beneficios del Feng Shui es entender la manera&hellip; <\/p>\n","protected":false},"author":1,"featured_media":0,"parent":0,"menu_order":0,"comment_status":"closed","ping_status":"closed","template":"","meta":{"_links_to":"","_links_to_target":""},"wf_page_folders":[79],"_links":{"self":[{"href":"https:\/\/art27.es\/es\/wp-json\/wp\/v2\/pages\/139"}],"collection":[{"href":"https:\/\/art27.es\/es\/wp-json\/wp\/v2\/pages"}],"about":[{"href":"https:\/\/art27.es\/es\/wp-json\/wp\/v2\/types\/page"}],"author":[{"embeddable":true,"href":"https:\/\/art27.es\/es\/wp-json\/wp\/v2\/users\/1"}],"replies":[{"embeddable":true,"href":"https:\/\/art27.es\/es\/wp-json\/wp\/v2\/comments?post=139"}],"version-history":[{"count":13,"href":"https:\/\/art27.es\/es\/wp-json\/wp\/v2\/pages\/139\/revisions"}],"predecessor-version":[{"id":618,"href":"https:\/\/art27.es\/es\/wp-json\/wp\/v2\/pages\/139\/revisions\/618"}],"wp:attachment":[{"href":"https:\/\/art27.es\/es\/wp-json\/wp\/v2\/media?parent=139"}],"wp:term":[{"taxonomy":"wf_page_folders","embeddable":true,"href":"https:\/\/art27.es\/es\/wp-json\/wp\/v2\/wf_page_folders?post=139"}],"curies":[{"name":"wp","href":"https:\/\/api.w.org\/{rel}","templated":true}]}}